{"id":105,"date":"2020-03-02T15:42:19","date_gmt":"2020-03-02T14:42:19","guid":{"rendered":"https:\/\/www.zahnarztpraxisabt.ch\/?page_id=105"},"modified":"2022-12-14T05:38:00","modified_gmt":"2022-12-14T04:38:00","slug":"herzlich-willkommen","status":"publish","type":"page","link":"https:\/\/www.zahnarztpraxisabt.ch\/","title":{"rendered":"Herzlich Willkommen"},"content":{"rendered":"<p>Herzlich willkommen auf der Website der Zahnarztpraxis Constanza Abt in Madiswil, bei Langenthal im Oberaargau.<\/p>\n\n\n<p>Wir sind eine moderne Zahnarztpraxis f\u00fcr die ganze Familie. In unserer volldigitalen Praxis erwartet Sie ein motiviertes und professionelles Team, das sich liebevoll in angenehmer Atmosph\u00e4re um Kinder, Erwachsene und Senioren k\u00fcmmert. Wir bieten fast alle Bereiche der Zahnmedizin an und wir arbeiten ausschliesslich mit renommierten Fachspezialistenpraxen zusammen. Mit den neuesten Techniken und hochwertigsten Materialien werden auf Ihre individuellen Bed\u00fcrfnisse und W\u00fcnsche zugeschnittene Behandlungen durchgef\u00fchrt. Wir sind Mitglied der SSO (Schweizerische Zahn\u00e4rzte-Gesellschaft), SVK (Schweizerische Vereinigung f\u00fcr Kinderzahnmedizin), SGK (Schweizerische Gesellschaft f\u00fcr Kieferorthop\u00e4die).<\/p>\n\n\n\n<p>Wir freuen uns auf Ihren Besuch. Rufen Sie uns an. Wir gehen gerne auf Ihre W\u00fcnsche ein und beraten Sie gerne.<\/p>\n","protected":false},"excerpt":{"rendered":"<p>Herzlich willkommen auf der Website der Zahnarztpraxis Constanza Abt in Madiswil, bei Langenthal im Oberaargau. Wir sind eine moderne Zahnarztpraxis f\u00fcr die ganze Familie. In unserer volldigitalen Praxis erwartet Sie ein motiviertes und professionelles Team, das sich liebevoll in angenehmer Atmosph\u00e4re um Kinder, Erwachsene und Senioren k\u00fcmmert. Wir bieten fast alle Bereiche der Zahnmedizin an &hellip; <\/p>\n<p class=\"link-more\"><a href=\"https:\/\/www.zahnarztpraxisabt.ch\/\" class=\"more-link\"><span class=\"screen-reader-text\">\u201eHerzlich Willkommen\u201c<\/span> weiterlesen<\/a><\/p>\n","protected":false},"author":2,"featured_media":0,"parent":0,"menu_order":0,"comment_status":"closed","ping_status":"closed","template":"","meta":{"footnotes":""},"class_list":["post-105","page","type-page","status-publish","hentry"],"_links":{"self":[{"href":"https:\/\/www.zahnarztpraxisabt.ch\/index.php?rest_route=\/wp\/v2\/pages\/105","targetHints":{"allow":["GET"]}}],"collection":[{"href":"https:\/\/www.zahnarztpraxisabt.ch\/index.php?rest_route=\/wp\/v2\/pages"}],"about":[{"href":"https:\/\/www.zahnarztpraxisabt.ch\/index.php?rest_route=\/wp\/v2\/types\/page"}],"author":[{"embeddable":true,"href":"https:\/\/www.zahnarztpraxisabt.ch\/index.php?rest_route=\/wp\/v2\/users\/2"}],"replies":[{"embeddable":true,"href":"https:\/\/www.zahnarztpraxisabt.ch\/index.php?rest_route=%2Fwp%2Fv2%2Fcomments&post=105"}],"version-history":[{"count":15,"href":"https:\/\/www.zahnarztpraxisabt.ch\/index.php?rest_route=\/wp\/v2\/pages\/105\/revisions"}],"predecessor-version":[{"id":251,"href":"https:\/\/www.zahnarztpraxisabt.ch\/index.php?rest_route=\/wp\/v2\/pages\/105\/revisions\/251"}],"wp:attachment":[{"href":"https:\/\/www.zahnarztpraxisabt.ch\/index.php?rest_route=%2Fwp%2Fv2%2Fmedia&parent=105"}],"curies":[{"name":"wp","href":"https:\/\/api.w.org\/{rel}","templated":true}]}}